{"id":1055,"date":"2025-09-30T10:51:04","date_gmt":"2025-09-30T10:51:04","guid":{"rendered":"https:\/\/mindnetpsychology.com\/home\/"},"modified":"2026-03-15T15:27:50","modified_gmt":"2026-03-15T15:27:50","slug":"home","status":"publish","type":"page","link":"https:\/\/mindnetpsychology.com\/en\/","title":{"rendered":"Home page"},"content":{"rendered":"<div class=\"wp-block-uagb-container uagb-block-8ca8171e alignfull uagb-is-root-container\"><div class=\"uagb-container-inner-blocks-wrap\">\n<div class=\"wp-block-uagb-container uagb-block-1529687b\">\n<div class=\"wp-block-uagb-advanced-heading uagb-block-de19880b\"><p class=\"uagb-heading-text\"><strong>Welcome to my page!<\/strong><\/p><\/div>\n\n\n\n<div class=\"wp-block-uagb-advanced-heading uagb-block-f79d5a43\"><h1 class=\"uagb-heading-text\">Net Keocathia (Kata) <\/h1><\/div>\n\n\n\n<div class=\"wp-block-uagb-info-box uagb-block-057804ce uagb-infobox__content-wrap  uagb-infobox-icon-above-title uagb-infobox-image-valign-top\"><div class=\"uagb-ifb-content\"><div class=\"uagb-ifb-title-wrap\"><h3 class=\"uagb-ifb-title\">Licenced psychologist and PhD student<\/h3><\/div><p class=\"uagb-ifb-desc\">Hiszem, hogy a m\u00faltban \u00e1t\u00e9lt negat\u00edv vagy megterhel\u0151 \u00e9lm\u00e9nyek feln\u0151ttkorunkban is hat\u00e1ssal lehetnek arra, hogyan gondolkodunk magunkr\u00f3l, m\u00e1sokr\u00f3l \u00e9s a kapcsolatainkr\u00f3l. Pszichol\u00f3gusk\u00e9nt abban szeretn\u00e9k seg\u00edts\u00e9get ny\u00fajtani, hogy ezek a mint\u00e1zatok felismerhet\u0151v\u00e9 \u00e9s feldolgozhat\u00f3v\u00e1 v\u00e1ljanak, teret adva a v\u00e1ltoz\u00e1snak \u00e9s egy kiegyens\u00falyozottabb \u00e9let kialak\u00edt\u00e1s\u00e1nak.<\/p><div class=\"uagb-ifb-button-wrapper wp-block-button\"><a href=\"https:\/\/mindnetpsychology.com\/en\/kapcsolat\/\" class=\"uagb-infobox-cta-link ast-outline-button\" target=\"_self\" rel=\"noopener noreferrer\" style=\"border-width:revert-layer\" onclick=\"return true;\"><span class=\"uagb-inline-editing\">contact me<\/span><\/a><\/div><\/div><\/div>\n<\/div>\n\n\n\n<div class=\"wp-block-uagb-container uagb-block-e7b265d7\">\n<div class=\"wp-block-uagb-image uagb-block-c5b903d4 wp-block-uagb-image--layout-default wp-block-uagb-image--effect-static wp-block-uagb-image--align-none\"><figure class=\"wp-block-uagb-image__figure\"><img decoding=\"async\" srcset=\"https:\/\/mindnetpsychology.com\/wp-content\/uploads\/2025\/10\/cathia-scaled.jpg ,https:\/\/mindnetpsychology.com\/wp-content\/uploads\/2025\/10\/cathia-scaled.jpg 780w, https:\/\/mindnetpsychology.com\/wp-content\/uploads\/2025\/10\/cathia-scaled.jpg 360w\" sizes=\"auto, (max-width: 480px) 150px\" src=\"https:\/\/mindnetpsychology.com\/wp-content\/uploads\/2025\/10\/cathia-scaled.jpg\" alt=\"\" class=\"uag-image-2311\" width=\"552\" height=\"800\" title=\"cathia\" loading=\"lazy\" role=\"img\"\/><\/figure><\/div>\n<\/div>\n<\/div><\/div>\n\n\n\n<div class=\"wp-block-uagb-container uagb-block-f6c1e9c8 alignfull uagb-is-root-container\"><div class=\"uagb-container-inner-blocks-wrap\">\n<div class=\"wp-block-uagb-container uagb-block-d8bf90bd\">\n<div class=\"wp-block-uagb-advanced-heading uagb-block-6db66124\"><h2 class=\"uagb-heading-text\">Introduction<\/h2><\/div>\n<\/div>\n\n\n\n<div class=\"wp-block-uagb-container uagb-block-247ca69b\">\n<div class=\"wp-block-uagb-image uagb-block-1de139d8 wp-block-uagb-image--layout-default wp-block-uagb-image--effect-static wp-block-uagb-image--align-none\"><figure class=\"wp-block-uagb-image__figure\"><img decoding=\"async\" srcset=\"https:\/\/mindnetpsychology.com\/wp-content\/uploads\/2025\/09\/mindnet-hero-image-683x1024.jpg ,https:\/\/mindnetpsychology.com\/wp-content\/uploads\/2025\/09\/mindnet-hero-image-scaled.jpg 780w, https:\/\/mindnetpsychology.com\/wp-content\/uploads\/2025\/09\/mindnet-hero-image-scaled.jpg 360w\" sizes=\"auto, (max-width: 480px) 150px\" src=\"https:\/\/mindnetpsychology.com\/wp-content\/uploads\/2025\/09\/mindnet-hero-image-683x1024.jpg\" alt=\"\" class=\"uag-image-2272\" width=\"341\" height=\"512\" title=\"mindnet-hero-image.\" loading=\"lazy\" role=\"img\"\/><\/figure><\/div>\n\n\n\n<div class=\"wp-block-columns is-layout-flex wp-container-core-columns-is-layout-28f84493 wp-block-columns-is-layout-flex\">\n<div class=\"wp-block-column is-layout-flow wp-block-column-is-layout-flow\" style=\"flex-basis:100%\">\n<div class=\"wp-block-uagb-container uagb-block-639fae40\">\n<p><\/p>\n\n\n\n<p>A k\u00f6z\u00f6s munka sor\u00e1n arra t\u00f6rekszem, hogy legyen t\u00e9r meg\u00e1llni, r\u00e1n\u00e9zni arra, ami jelenleg neh\u00e9zs\u00e9get okoz \u00e9s jobban meg\u00e9rteni azokat a mint\u00e1kat, amelyek az \u00e9let k\u00fcl\u00f6nb\u00f6z\u0151 ter\u00fcletein \u00fajra \u00e9s \u00fajra megjelennek. Fontosnak tartom, hogy a folyamat sor\u00e1n ne csak a neh\u00e9zs\u00e9gekre, hanem azokra a bels\u0151 er\u0151forr\u00e1sokra is figyelmet ford\u00edtsunk, amelyek seg\u00edthetnek \u00faj perspekt\u00edv\u00e1k \u00e9s megold\u00e1sok megtal\u00e1l\u00e1s\u00e1ban.<\/p>\n\n\n\n<div class=\"wp-block-buttons is-layout-flex wp-block-buttons-is-layout-flex\">\n<div class=\"wp-block-button\"><a class=\"wp-block-button__link wp-element-button\" href=\"https:\/\/mindnetpsychology.com\/en\/rolam\/\">More<\/a><\/div>\n<\/div>\n<\/div>\n<\/div>\n<\/div>\n<\/div>\n<\/div><\/div>\n\n\n\n<div class=\"wp-block-uagb-container uagb-block-d47f61af alignfull uagb-is-root-container\"><div class=\"uagb-container-inner-blocks-wrap\">\n<div class=\"wp-block-uagb-advanced-heading uagb-block-20c43550\"><h2 class=\"uagb-heading-text\">Services<\/h2><p class=\"uagb-desc-text\">Vannak id\u0151szakok az \u00e9letben, amikor egy helyzet, kapcsolat vagy visszat\u00e9r\u0151 \u00e9rz\u00e9s arra k\u00e9sztet benn\u00fcnket, hogy meg\u00e1lljunk, \u00e9s feltegy\u00fck magunknak a k\u00e9rd\u00e9st \u201eMi t\u00f6rt\u00e9nt velem?\u201d \u201eKi lettem?\u201d Ilyenkor azt is \u00e9szrevehetj\u00fck, hogy kor\u00e1bbi megold\u00e1saink m\u00e1r nem m\u0171k\u00f6dnek vagy neh\u00e9z eligazodni az \u00e9rz\u00e9seink h\u00e1l\u00f3j\u00e1ban. Ezekben a helyzetekben seg\u00edthet a pszichol\u00f3giai t\u00e1mogat\u00e1s. Az al\u00e1bbi ter\u00fcleteken tudok seg\u00edts\u00e9get ny\u00fajtani<\/p><\/div>\n\n\n\n<p>A pszichol\u00f3giai konzult\u00e1ci\u00f3 magyarul t\u00f6rt\u00e9nik, de angolul is van r\u00e1 relhet\u0151s\u00e9g.<\/p>\n\n\n\n<div class=\"wp-block-columns is-layout-flex wp-container-core-columns-is-layout-28f84493 wp-block-columns-is-layout-flex\">\n<div class=\"wp-block-column is-layout-flow wp-block-column-is-layout-flow\" style=\"flex-basis:100%\">\n<div class=\"wp-block-columns is-layout-flex wp-container-core-columns-is-layout-28f84493 wp-block-columns-is-layout-flex\">\n<div class=\"wp-block-column is-layout-flow wp-block-column-is-layout-flow\">\n<div class=\"wp-block-uagb-container uagb-block-b668c90b\">\n<div class=\"wp-block-uagb-info-box uagb-block-b249f1d8 uagb-infobox__content-wrap  uagb-infobox-icon-above-title uagb-infobox-image-valign-top\"><div class=\"uagb-ifb-content\"><div class=\"uagb-ifb-icon-wrap\"><svg xmlns=\"https:\/\/www.w3.org\/2000\/svg\" viewbox=\"0 0 512 512\"><path d=\"M184 0C214.9 0 240 25.07 240 56V456C240 486.9 214.9 512 184 512C155.1 512 131.3 490.1 128.3 461.9C123.1 463.3 117.6 464 112 464C76.65 464 48 435.3 48 400C48 392.6 49.27 385.4 51.59 378.8C21.43 367.4 0 338.2 0 304C0 272.1 18.71 244.5 45.77 231.7C37.15 220.8 32 206.1 32 192C32 161.3 53.59 135.7 82.41 129.4C80.84 123.9 80 118 80 112C80 82.06 100.6 56.92 128.3 49.93C131.3 21.86 155.1 0 184 0zM383.7 49.93C411.4 56.92 432 82.06 432 112C432 118 431.2 123.9 429.6 129.4C458.4 135.7 480 161.3 480 192C480 206.1 474.9 220.8 466.2 231.7C493.3 244.5 512 272.1 512 304C512 338.2 490.6 367.4 460.4 378.8C462.7 385.4 464 392.6 464 400C464 435.3 435.3 464 400 464C394.4 464 388.9 463.3 383.7 461.9C380.7 490.1 356.9 512 328 512C297.1 512 272 486.9 272 456V56C272 25.07 297.1 0 328 0C356.9 0 380.7 21.86 383.7 49.93z\"><\/path><\/svg><\/div><div class=\"uagb-ifb-title-wrap\"><h3 class=\"uagb-ifb-title\">For adults<\/h3><\/div><div class=\"uagb-ifb-separator\"><\/div><p class=\"uagb-ifb-desc\">Self-knowledge<br>Restructuring negative thoughts<br>Relationship difficulties<br>Family difficulties<br>Stress and anxiety<br>Performance bottleneck, lack of motivation, burnout<br>Negat\u00edv mint\u00e1zatok felismer\u00e9se<br>Self-confidence and self-esteem<br>Career choice, decision-making<\/p><\/div><\/div>\n\n\n\n<div class=\"wp-block-uagb-buttons uagb-buttons__outer-wrap uagb-btn__default-btn uagb-btn-tablet__default-btn uagb-btn-mobile__default-btn uagb-block-ce04f67c\"><div class=\"uagb-buttons__wrap uagb-buttons-layout-wrap\">\n<div class=\"wp-block-uagb-buttons-child uagb-buttons__outer-wrap uagb-block-e887bf67 wp-block-button\"><div class=\"uagb-button__wrapper\"><a class=\"uagb-buttons-repeater wp-block-button__link\" aria-label=\"\" href=\"https:\/\/mindnetpsychology.com\/en\/szolgaltatasok\/\" rel=\"follow noopener\" target=\"_self\" role=\"button\"><div class=\"uagb-button__link\">Next<\/div><\/a><\/div><\/div>\n<\/div><\/div>\n<\/div>\n<\/div>\n\n\n\n<div class=\"wp-block-column is-vertically-aligned-top is-layout-flow wp-block-column-is-layout-flow\">\n<div class=\"wp-block-uagb-info-box uagb-block-0dbe31e8 uagb-infobox__content-wrap  uagb-infobox-icon-above-title uagb-infobox-image-valign-top\"><div class=\"uagb-ifb-content\"><div class=\"uagb-ifb-icon-wrap\"><svg xmlns=\"https:\/\/www.w3.org\/2000\/svg\" viewbox=\"0 0 576 512\"><path d=\"M511.8 287.6L512.5 447.7C512.5 450.5 512.3 453.1 512 455.8V472C512 494.1 494.1 512 472 512H456C454.9 512 453.8 511.1 452.7 511.9C451.3 511.1 449.9 512 448.5 512H392C369.9 512 352 494.1 352 472V384C352 366.3 337.7 352 320 352H256C238.3 352 224 366.3 224 384V472C224 494.1 206.1 512 184 512H128.1C126.6 512 125.1 511.9 123.6 511.8C122.4 511.9 121.2 512 120 512H104C81.91 512 64 494.1 64 472V360C64 359.1 64.03 358.1 64.09 357.2V287.6H32.05C14.02 287.6 0 273.5 0 255.5C0 246.5 3.004 238.5 10.01 231.5L266.4 8.016C273.4 1.002 281.4 0 288.4 0C295.4 0 303.4 2.004 309.5 7.014L416 100.7V64C416 46.33 430.3 32 448 32H480C497.7 32 512 46.33 512 64V185L564.8 231.5C572.8 238.5 576.9 246.5 575.8 255.5C575.8 273.5 560.8 287.6 543.8 287.6L511.8 287.6z\"><\/path><\/svg><\/div><div class=\"uagb-ifb-title-wrap\"><h3 class=\"uagb-ifb-title\"><strong>For parents<\/strong><\/h3><\/div><div class=\"uagb-ifb-separator\"><\/div><p class=\"uagb-ifb-desc\"><br>Parenting advice<br>Challenges of Motherhood\/Fatherhood<br>Anxiety, emotional difficulties<br>Family difficulties<br>Stress and life as a parent<\/p><\/div><\/div>\n\n\n\n<div class=\"wp-block-uagb-container uagb-block-10e28f53\"><\/div>\n\n\n\n<div class=\"wp-block-uagb-buttons uagb-buttons__outer-wrap uagb-btn__default-btn uagb-btn-tablet__default-btn uagb-btn-mobile__default-btn uagb-block-a3b4a546\"><div class=\"uagb-buttons__wrap uagb-buttons-layout-wrap\">\n<div class=\"wp-block-uagb-buttons-child uagb-buttons__outer-wrap uagb-block-53877557 wp-block-button\"><div class=\"uagb-button__wrapper\"><a class=\"uagb-buttons-repeater wp-block-button__link\" aria-label=\"\" href=\"https:\/\/mindnetpsychology.com\/en\/szolgaltatasok\/\" rel=\"follow noopener\" target=\"_self\" role=\"button\"><div class=\"uagb-button__link\">Next<\/div><\/a><\/div><\/div>\n<\/div><\/div>\n<\/div>\n<\/div>\n<\/div>\n<\/div>\n<\/div><\/div>\n\n\n\n<div class=\"wp-block-uagb-container uagb-block-cefb3d77 alignfull uagb-is-root-container\"><div class=\"uagb-container-inner-blocks-wrap\">\n<div class=\"wp-block-uagb-info-box uagb-block-1369fd6b uagb-infobox__content-wrap  uagb-infobox-icon-above-title uagb-infobox-image-valign-top\"><div class=\"uagb-ifb-content\"><div class=\"uagb-ifb-title-wrap\"><h2 class=\"uagb-ifb-title\">&#8222;Amikor m\u00e1r nem tudunk megv\u00e1ltoztatni egy helyzetet, arra vagyunk h\u00edvva, hogy \u00f6nmagunkat v\u00e1ltoztassuk meg.&#8221; <br>&#8211; Viktor Frankl<\/h2><\/div><p class=\"uagb-ifb-desc\">&nbsp;Az \u00e9let\u00fcnkben nem minden helyzetet tudunk megv\u00e1ltoztatni. Szeretn\u00e9k seg\u00edteni abban, hogy jobban meg\u00e9rtse saj\u00e1t \u00e9rz\u00e9seit, m\u0171k\u00f6d\u00e9s\u00e9t \u00e9s \u00faj lehet\u0151s\u00e9geket tal\u00e1ljon a v\u00e1ltoz\u00e1s fel\u00e9.<\/p><\/div><\/div>\n\n\n\n<div class=\"wp-block-uagb-buttons uagb-buttons__outer-wrap uagb-btn__default-btn uagb-btn-tablet__default-btn uagb-btn-mobile__default-btn uagb-block-e08207f9\"><div class=\"uagb-buttons__wrap uagb-buttons-layout-wrap\">\n<div class=\"wp-block-uagb-buttons-child uagb-buttons__outer-wrap uagb-block-c5c7cc36 wp-block-button\"><div class=\"uagb-button__wrapper\"><a class=\"uagb-buttons-repeater wp-block-button__link\" aria-label=\"\" href=\"https:\/\/mindnetpsychology.com\/en\/kapcsolat\/\" rel=\"follow noopener\" target=\"_self\" role=\"button\"><div class=\"uagb-button__link\">Contact me<\/div><\/a><\/div><\/div>\n<\/div><\/div>\n<\/div><\/div>\n\n\n\n<p><\/p>","protected":false},"excerpt":{"rendered":"<p>\u00dcdv\u00f6zl\u00f6m a honlapomon! Net Keocathia (Kata) Bemutatkoz\u00e1s A k\u00f6z\u00f6s munka sor\u00e1n arra t\u00f6rekszem, hogy legyen t\u00e9r meg\u00e1llni, r\u00e1n\u00e9zni arra, ami jelenleg neh\u00e9zs\u00e9get okoz \u00e9s jobban meg\u00e9rteni azokat a mint\u00e1kat, amelyek az \u00e9let k\u00fcl\u00f6nb\u00f6z\u0151 ter\u00fcletein \u00fajra \u00e9s \u00fajra megjelennek. Fontosnak tartom, hogy a folyamat sor\u00e1n ne csak a neh\u00e9zs\u00e9gekre, hanem azokra a bels\u0151 er\u0151forr\u00e1sokra is figyelmet [&hellip;]<\/p>","protected":false},"author":1,"featured_media":2311,"parent":0,"menu_order":0,"comment_status":"closed","ping_status":"closed","template":"","meta":{"_uag_custom_page_level_css":"","site-sidebar-layout":"no-sidebar","site-content-layout":"plain-container","ast-site-content-layout":"normal-width-container","site-content-style":"unboxed","site-sidebar-style":"unboxed","ast-global-header-display":"","ast-banner-title-visibility":"","ast-main-header-display":"","ast-hfb-above-header-display":"","ast-hfb-below-header-display":"","ast-hfb-mobile-header-display":"","site-post-title":"disabled","ast-breadcrumbs-content":"","ast-featured-img":"","footer-sml-layout":"","theme-transparent-header-meta":"enabled","adv-header-id-meta":"","stick-header-meta":"","header-above-stick-meta":"","header-main-stick-meta":"","header-below-stick-meta":"","astra-migrate-meta-layouts":"set","ast-page-background-enabled":"default","ast-page-background-meta":{"desktop":{"background-color":"","background-image":"","background-repeat":"repeat","background-position":"center center","background-size":"auto","background-attachment":"scroll","background-type":"","background-media":"","overlay-type":"","overlay-color":"","overlay-opacity":"","overlay-gradient":""},"tablet":{"background-color":"","background-image":"","background-repeat":"repeat","background-position":"center center","background-size":"auto","background-attachment":"scroll","background-type":"","background-media":"","overlay-type":"","overlay-color":"","overlay-opacity":"","overlay-gradient":""},"mobile":{"background-color":"","background-image":"","background-repeat":"repeat","background-position":"center center","background-size":"auto","background-attachment":"scroll","background-type":"","background-media":"","overlay-type":"","overlay-color":"","overlay-opacity":"","overlay-gradient":""}},"ast-content-background-meta":{"desktop":{"background-color":"var(--ast-global-color-5)","background-image":"","background-repeat":"repeat","background-position":"center center","background-size":"auto","background-attachment":"scroll","background-type":"","background-media":"","overlay-type":"","overlay-color":"","overlay-opacity":"","overlay-gradient":""},"tablet":{"background-color":"var(--ast-global-color-5)","background-image":"","background-repeat":"repeat","background-position":"center center","background-size":"auto","background-attachment":"scroll","background-type":"","background-media":"","overlay-type":"","overlay-color":"","overlay-opacity":"","overlay-gradient":""},"mobile":{"background-color":"var(--ast-global-color-5)","background-image":"","background-repeat":"repeat","background-position":"center center","background-size":"auto","background-attachment":"scroll","background-type":"","background-media":"","overlay-type":"","overlay-color":"","overlay-opacity":"","overlay-gradient":""}},"footnotes":""},"class_list":["post-1055","page","type-page","status-publish","has-post-thumbnail","hentry"],"_hostinger_reach_plugin_has_subscription_block":false,"_hostinger_reach_plugin_is_elementor":false,"uagb_featured_image_src":{"full":["https:\/\/mindnetpsychology.com\/wp-content\/uploads\/2025\/10\/cathia-scaled.jpg",1707,2560,false],"thumbnail":["https:\/\/mindnetpsychology.com\/wp-content\/uploads\/2025\/10\/cathia-scaled.jpg",100,150,false],"medium":["https:\/\/mindnetpsychology.com\/wp-content\/uploads\/2025\/10\/cathia-scaled.jpg",200,300,false],"medium_large":["https:\/\/mindnetpsychology.com\/wp-content\/uploads\/2025\/10\/cathia-scaled.jpg",768,1152,false],"large":["https:\/\/mindnetpsychology.com\/wp-content\/uploads\/2025\/10\/cathia-scaled.jpg",683,1024,false],"1536x1536":["https:\/\/mindnetpsychology.com\/wp-content\/uploads\/2025\/10\/cathia-scaled.jpg",1024,1536,false],"2048x2048":["https:\/\/mindnetpsychology.com\/wp-content\/uploads\/2025\/10\/cathia-scaled.jpg",1366,2048,false],"trp-custom-language-flag":["https:\/\/mindnetpsychology.com\/wp-content\/uploads\/2025\/10\/cathia-scaled.jpg",8,12,false]},"uagb_author_info":{"display_name":"netviki16@gmail.com","author_link":"https:\/\/mindnetpsychology.com\/en\/author\/netviki16gmail-com\/"},"uagb_comment_info":0,"uagb_excerpt":"\u00dcdv\u00f6zl\u00f6m a honlapomon! Net Keocathia (Kata) Bemutatkoz\u00e1s A k\u00f6z\u00f6s munka sor\u00e1n arra t\u00f6rekszem, hogy legyen t\u00e9r meg\u00e1llni, r\u00e1n\u00e9zni arra, ami jelenleg neh\u00e9zs\u00e9get okoz \u00e9s jobban meg\u00e9rteni azokat a mint\u00e1kat, amelyek az \u00e9let k\u00fcl\u00f6nb\u00f6z\u0151 ter\u00fcletein \u00fajra \u00e9s \u00fajra megjelennek. Fontosnak tartom, hogy a folyamat sor\u00e1n ne csak a neh\u00e9zs\u00e9gekre, hanem azokra a bels\u0151 er\u0151forr\u00e1sokra is figyelmet&hellip;","_links":{"self":[{"href":"https:\/\/mindnetpsychology.com\/en\/wp-json\/wp\/v2\/pages\/1055","targetHints":{"allow":["GET"]}}],"collection":[{"href":"https:\/\/mindnetpsychology.com\/en\/wp-json\/wp\/v2\/pages"}],"about":[{"href":"https:\/\/mindnetpsychology.com\/en\/wp-json\/wp\/v2\/types\/page"}],"author":[{"embeddable":true,"href":"https:\/\/mindnetpsychology.com\/en\/wp-json\/wp\/v2\/users\/1"}],"replies":[{"embeddable":true,"href":"https:\/\/mindnetpsychology.com\/en\/wp-json\/wp\/v2\/comments?post=1055"}],"version-history":[{"count":72,"href":"https:\/\/mindnetpsychology.com\/en\/wp-json\/wp\/v2\/pages\/1055\/revisions"}],"predecessor-version":[{"id":2755,"href":"https:\/\/mindnetpsychology.com\/en\/wp-json\/wp\/v2\/pages\/1055\/revisions\/2755"}],"wp:featuredmedia":[{"embeddable":true,"href":"https:\/\/mindnetpsychology.com\/en\/wp-json\/wp\/v2\/media\/2311"}],"wp:attachment":[{"href":"https:\/\/mindnetpsychology.com\/en\/wp-json\/wp\/v2\/media?parent=1055"}],"curies":[{"name":"wp","href":"https:\/\/api.w.org\/{rel}","templated":true}]}}