{"id":1058,"date":"2025-09-30T10:51:04","date_gmt":"2025-09-30T10:51:04","guid":{"rendered":"https:\/\/mindnetpsychology.com\/about\/"},"modified":"2026-03-04T17:57:08","modified_gmt":"2026-03-04T17:57:08","slug":"rolam","status":"publish","type":"page","link":"https:\/\/mindnetpsychology.com\/en\/rolam\/","title":{"rendered":"About"},"content":{"rendered":"<div class=\"wp-block-uagb-container uagb-block-5e6a5427 alignfull uagb-is-root-container\"><div class=\"uagb-container-inner-blocks-wrap\">\n<div class=\"wp-block-uagb-container uagb-block-3744275a\">\n<div class=\"wp-block-uagb-info-box uagb-block-65220811 uagb-infobox__content-wrap  uagb-infobox-icon-above-title uagb-infobox-image-valign-top\"><div class=\"uagb-ifb-content\"><div class=\"uagb-ifb-title-wrap\"><div class=\"uagb-ifb-separator\"><\/div><h1 class=\"uagb-ifb-title\">About<\/h1><\/div><p class=\"uagb-ifb-desc\"><br>   My interest in psychology began in high school, where my first research was examining the impact of social media on adolescents\u2019 body image. In 2019, I started my undergraduate degree in psychology at the Sigmund Freud University in Vienna, where I researched the topic of intercultural experiences and combating stereotypes as part of my thesis.<br>   I earned my master\u2019s degree in Clinical and Health Psychology at ELTE. I worked in a research group where we examined the connections between parent-child relationships and digital device use, which became the basis for my own master\u2019s thesis.<br>  I am currently pursuing my doctoral studies at Semmelweis University, where I am investigating the effects of trauma on trust, attachment, belief in justice, and social functioning.<br>   I gained my professional experience in clinical and child protection, working as a volunteer at the F\u0151nix H\u00e1z Psychiatric Center and in a children's home, where I later became a psychologist and still work there. These experiences have deeply shaped the way I see the importance of relationships and the environment in children's development.<br>Over time, the relationship dynamics of the family became my main area of \u200b\u200binterest, which is why I started training as a couple and family therapist at the Hungarian Family Therapy Association.<br><br><br><\/p><\/div><\/div>\n<\/div>\n\n\n\n<div class=\"wp-block-uagb-container uagb-block-7c4a49c6\">\n<div class=\"wp-block-uagb-image uagb-block-53efd717 wp-block-uagb-image--layout-default wp-block-uagb-image--effect-static wp-block-uagb-image--align-none\"><figure class=\"wp-block-uagb-image__figure\"><img decoding=\"async\" srcset=\"https:\/\/mindnetpsychology.com\/wp-content\/uploads\/2025\/09\/mindnet-hero-image-683x1024.jpg ,https:\/\/mindnetpsychology.com\/wp-content\/uploads\/2025\/09\/mindnet-hero-image-scaled.jpg 780w, https:\/\/mindnetpsychology.com\/wp-content\/uploads\/2025\/09\/mindnet-hero-image-scaled.jpg 360w\" sizes=\"auto, (max-width: 480px) 150px\" src=\"https:\/\/mindnetpsychology.com\/wp-content\/uploads\/2025\/09\/mindnet-hero-image-683x1024.jpg\" alt=\"\" class=\"uag-image-2272\" width=\"683\" height=\"1024\" title=\"mindnet-hero-image.\" loading=\"lazy\" role=\"img\"\/><\/figure><\/div>\n<\/div>\n<\/div><\/div>\n\n\n\n<div class=\"wp-block-uagb-container uagb-block-2c7eed10 alignfull uagb-is-root-container\"><div class=\"uagb-container-inner-blocks-wrap\">\n<div class=\"wp-block-uagb-container uagb-block-d4bd506a\">\n<div class=\"wp-block-uagb-info-box uagb-block-3d854ecf uagb-infobox__content-wrap  uagb-infobox-icon-left uagb-infobox-left uagb-infobox-image-valign-top\"><div class=\"uagb-ifb-icon-wrap\"><svg xmlns=\"https:\/\/www.w3.org\/2000\/svg\" viewbox=\"0 0 512 512\"><path d=\"M500.3 443.7l-119.7-119.7c27.22-40.41 40.65-90.9 33.46-144.7C401.8 87.79 326.8 13.32 235.2 1.723C99.01-15.51-15.51 99.01 1.724 235.2c11.6 91.64 86.08 166.7 177.6 178.9c53.8 7.189 104.3-6.236 144.7-33.46l119.7 119.7c15.62 15.62 40.95 15.62 56.57 0C515.9 484.7 515.9 459.3 500.3 443.7zM79.1 208c0-70.58 57.42-128 128-128s128 57.42 128 128c0 70.58-57.42 128-128 128S79.1 278.6 79.1 208z\"><\/path><\/svg><\/div><div class=\"uagb-ifb-content\"><div class=\"uagb-ifb-title-wrap\"><h5 class=\"uagb-ifb-title\">2025<strong> \u2013 Now: PhD<\/strong><\/h5><\/div><p class=\"uagb-ifb-desc\">Semmelweis University:\u00a0 Mental Health Science | Psychiatry<\/p><\/div><\/div>\n\n\n\n<div class=\"wp-block-uagb-info-box uagb-block-3889bbf2 uagb-infobox__content-wrap  uagb-infobox-icon-left uagb-infobox-left uagb-infobox-image-valign-top\"><div class=\"uagb-ifb-icon-wrap\"><svg xmlns=\"https:\/\/www.w3.org\/2000\/svg\" viewbox=\"0 0 576 512\"><path d=\"M575.8 255.5C575.8 273.5 560.8 287.6 543.8 287.6H511.8L512.5 447.7C512.5 450.5 512.3 453.1 512 455.8V472C512 494.1 494.1 512 472 512H456C454.9 512 453.8 511.1 452.7 511.9C451.3 511.1 449.9 512 448.5 512H392C369.9 512 352 494.1 352 472V384C352 366.3 337.7 352 320 352H256C238.3 352 224 366.3 224 384V472C224 494.1 206.1 512 184 512H128.1C126.6 512 125.1 511.9 123.6 511.8C122.4 511.9 121.2 512 120 512H104C81.91 512 64 494.1 64 472V360C64 359.1 64.03 358.1 64.09 357.2V287.6H32.05C14.02 287.6 0 273.5 0 255.5C0 246.5 3.004 238.5 10.01 231.5L266.4 8.016C273.4 1.002 281.4 0 288.4 0C295.4 0 303.4 2.004 309.5 7.014L564.8 231.5C572.8 238.5 576.9 246.5 575.8 255.5L575.8 255.5z\"><\/path><\/svg><\/div><div class=\"uagb-ifb-content\"><div class=\"uagb-ifb-title-wrap\"><h5 class=\"uagb-ifb-title\"><strong>2025 \u2013 now: psychologist <\/strong><\/h5><\/div><p class=\"uagb-ifb-desc\">In a children's home<\/p><\/div><\/div>\n\n\n\n<div class=\"wp-block-uagb-info-box uagb-block-c7098009 uagb-infobox__content-wrap  uagb-infobox-icon-left uagb-infobox-left uagb-infobox-image-valign-top\"><div class=\"uagb-ifb-icon-wrap\"><svg xmlns=\"https:\/\/www.w3.org\/2000\/svg\" viewbox=\"0 0 640 512\"><path d=\"M184 88C184 118.9 158.9 144 128 144C97.07 144 72 118.9 72 88C72 57.07 97.07 32 128 32C158.9 32 184 57.07 184 88zM208.4 196.3C178.7 222.7 160 261.2 160 304C160 338.3 171.1 369.8 192 394.5V416C192 433.7 177.7 448 160 448H96C78.33 448 64 433.7 64 416V389.2C26.16 371.2 0 332.7 0 288C0 226.1 50.14 176 112 176H144C167.1 176 190.2 183.5 208.4 196.3V196.3zM64 245.7C54.04 256.9 48 271.8 48 288C48 304.2 54.04 319.1 64 330.3V245.7zM448 416V394.5C468 369.8 480 338.3 480 304C480 261.2 461.3 222.7 431.6 196.3C449.8 183.5 472 176 496 176H528C589.9 176 640 226.1 640 288C640 332.7 613.8 371.2 576 389.2V416C576 433.7 561.7 448 544 448H480C462.3 448 448 433.7 448 416zM576 330.3C585.1 319.1 592 304.2 592 288C592 271.8 585.1 256.9 576 245.7V330.3zM568 88C568 118.9 542.9 144 512 144C481.1 144 456 118.9 456 88C456 57.07 481.1 32 512 32C542.9 32 568 57.07 568 88zM256 96C256 60.65 284.7 32 320 32C355.3 32 384 60.65 384 96C384 131.3 355.3 160 320 160C284.7 160 256 131.3 256 96zM448 304C448 348.7 421.8 387.2 384 405.2V448C384 465.7 369.7 480 352 480H288C270.3 480 256 465.7 256 448V405.2C218.2 387.2 192 348.7 192 304C192 242.1 242.1 192 304 192H336C397.9 192 448 242.1 448 304zM256 346.3V261.7C246 272.9 240 287.8 240 304C240 320.2 246 335.1 256 346.3zM384 261.7V346.3C393.1 335 400 320.2 400 304C400 287.8 393.1 272.9 384 261.7z\"><\/path><\/svg><\/div><div class=\"uagb-ifb-content\"><div class=\"uagb-ifb-title-wrap\"><h5 class=\"uagb-ifb-title\"><strong>2025 \u2013 now: <\/strong>Couple and family therapy training<\/h5><\/div><p class=\"uagb-ifb-desc\">Hungarian Family Therapy Association<\/p><\/div><\/div>\n\n\n\n<div class=\"wp-block-uagb-info-box uagb-block-34db3025 uagb-infobox__content-wrap  uagb-infobox-icon-left uagb-infobox-left uagb-infobox-image-valign-top\"><div class=\"uagb-ifb-icon-wrap\"><svg xmlns=\"https:\/\/www.w3.org\/2000\/svg\" viewbox=\"0 0 576 512\"><path d=\"M528 32h-480C21.49 32 0 53.49 0 80V96h576V80C576 53.49 554.5 32 528 32zM0 432C0 458.5 21.49 480 48 480h480c26.51 0 48-21.49 48-48V128H0V432zM368 192h128C504.8 192 512 199.2 512 208S504.8 224 496 224h-128C359.2 224 352 216.8 352 208S359.2 192 368 192zM368 256h128C504.8 256 512 263.2 512 272S504.8 288 496 288h-128C359.2 288 352 280.8 352 272S359.2 256 368 256zM368 320h128c8.836 0 16 7.164 16 16S504.8 352 496 352h-128c-8.836 0-16-7.164-16-16S359.2 320 368 320zM176 192c35.35 0 64 28.66 64 64s-28.65 64-64 64s-64-28.66-64-64S140.7 192 176 192zM112 352h128c26.51 0 48 21.49 48 48c0 8.836-7.164 16-16 16h-192C71.16 416 64 408.8 64 400C64 373.5 85.49 352 112 352z\"><\/path><\/svg><\/div><div class=\"uagb-ifb-content\"><div class=\"uagb-ifb-title-wrap\"><h5 class=\"uagb-ifb-title\"><strong>2025: Oh Card training <\/strong><\/h5><\/div><\/div><\/div>\n\n\n\n<div class=\"wp-block-uagb-info-box uagb-block-871dc5a9 uagb-infobox__content-wrap  uagb-infobox-icon-left uagb-infobox-left uagb-infobox-image-valign-top\"><div class=\"uagb-ifb-icon-wrap\"><svg xmlns=\"https:\/\/www.w3.org\/2000\/svg\" viewbox=\"0 0 512 512\"><path d=\"M64 95.1H0c0 123.8 100.3 224 224 224v128C224 465.6 238.4 480 255.1 480S288 465.6 288 448V320C288 196.3 187.7 95.1 64 95.1zM448 32c-84.25 0-157.4 46.5-195.8 115.3c27.75 30.12 48.25 66.88 59 107.5C424 243.1 512 147.9 512 32H448z\"><\/path><\/svg><\/div><div class=\"uagb-ifb-content\"><div class=\"uagb-ifb-title-wrap\"><h5 class=\"uagb-ifb-title\"><strong>2024 <\/strong>\u2013 <strong>2025: 150 hours of self-awareness<\/strong><\/h5><\/div><p class=\"uagb-ifb-desc\">Hungarian Person-Centered Psychotherapy and Counseling Association<\/p><\/div><\/div>\n\n\n\n<div class=\"wp-block-uagb-info-box uagb-block-a8030b37 uagb-infobox__content-wrap  uagb-infobox-icon-left uagb-infobox-left uagb-infobox-image-valign-top\"><div class=\"uagb-ifb-icon-wrap\"><svg xmlns=\"https:\/\/www.w3.org\/2000\/svg\" viewbox=\"0 0 512 512\"><path d=\"M45.63 79.75L52 81.25v58.5C45 143.9 40 151.3 40 160c0 8.375 4.625 15.38 11.12 19.75L35.5 242C33.75 248.9 37.63 256 43.13 256h41.75c5.5 0 9.375-7.125 7.625-13.1L76.88 179.8C83.38 175.4 88 168.4 88 160c0-8.75-5-16.12-12-20.25V87.13L128 99.63l.001 60.37c0 70.75 57.25 128 128 128s127.1-57.25 127.1-128L384 99.62l82.25-19.87c18.25-4.375 18.25-27 0-31.5l-190.4-46c-13-3-26.62-3-39.63 0l-190.6 46C27.5 52.63 27.5 75.38 45.63 79.75zM359.2 312.8l-103.2 103.2l-103.2-103.2c-69.93 22.3-120.8 87.2-120.8 164.5C32 496.5 47.53 512 66.67 512h378.7C464.5 512 480 496.5 480 477.3C480 400 429.1 335.1 359.2 312.8z\"><\/path><\/svg><\/div><div class=\"uagb-ifb-content\"><div class=\"uagb-ifb-title-wrap\"><h5 class=\"uagb-ifb-title\"><strong>2023 \u2013 2025: Certified Psychologist<\/strong><\/h5><\/div><p class=\"uagb-ifb-desc\">E\u00f6tv\u00f6s Lor\u00e1nd University: <br>Clinical and Health Psychology Specialisation<\/p><\/div><\/div>\n\n\n\n<div class=\"wp-block-uagb-info-box uagb-block-f58a27c1 uagb-infobox__content-wrap  uagb-infobox-icon-left uagb-infobox-left uagb-infobox-image-valign-top\"><div class=\"uagb-ifb-icon-wrap\"><svg xmlns=\"https:\/\/www.w3.org\/2000\/svg\" viewbox=\"0 0 512 512\"><path d=\"M0 219.2v212.5c0 14.25 11.62 26.25 26.5 27C75.32 461.2 180.2 471.3 240 511.9V245.2C181.4 205.5 79.99 194.8 29.84 192C13.59 191.1 0 203.6 0 219.2zM482.2 192c-50.09 2.848-151.3 13.47-209.1 53.09C272.1 245.2 272 245.3 272 245.5v266.5c60.04-40.39 164.7-50.76 213.5-53.28C500.4 457.9 512 445.9 512 431.7V219.2C512 203.6 498.4 191.1 482.2 192zM352 96c0-53-43-96-96-96S160 43 160 96s43 96 96 96S352 149 352 96z\"><\/path><\/svg><\/div><div class=\"uagb-ifb-content\"><div class=\"uagb-ifb-title-wrap\"><h5 class=\"uagb-ifb-title\"><strong>2019-2023: Behavior Analyst<\/strong><\/h5><\/div><p class=\"uagb-ifb-desc\">Sigmund Freud University<\/p><\/div><\/div>\n<\/div>\n\n\n\n<div class=\"wp-block-uagb-container uagb-block-9a0e6ca9\">\n<div class=\"wp-block-uagb-advanced-heading uagb-block-03170401\"><h2 class=\"uagb-heading-text\">Self-knowledge<\/h2><\/div>\n\n\n\n<p>As a professional, I believe it is important to take care of our own mental health. I myself participated in a 150-hour group self-knowledge process as part of the person-centered training and am currently developing further in individual therapy. I believe that I can only be a credible helper for others if I myself am constantly working on my self-knowledge and inner development.<\/p>\n\n\n\n<p><\/p>\n\n\n\n<p><\/p>\n<\/div>\n<\/div><\/div>\n\n\n\n<div class=\"wp-block-uagb-container uagb-block-bfa692b8 alignfull uagb-is-root-container\"><div class=\"uagb-container-inner-blocks-wrap\">\n<div class=\"wp-block-uagb-container uagb-block-d2299d07 alignfull uagb-is-root-container\"><div class=\"uagb-container-inner-blocks-wrap\">\n<div class=\"wp-block-uagb-container uagb-block-79a2d5fd\">\n<div class=\"wp-block-uagb-advanced-heading uagb-block-030fff16\"><h2 class=\"uagb-heading-text\">My goal<\/h2><\/div>\n\n\n\n<p>Pszichol\u00f3gusk\u00e9nt hiszem, hogy a v\u00e1ltoz\u00e1s lehet\u0151s\u00e9ge minden emberben jelen van, m\u00e9g akkor is, ha egy adott \u00e9lethelyzetben neh\u00e9z megtal\u00e1lni az utat el\u0151re. A k\u00f6z\u00f6s munka sor\u00e1n arra t\u00f6rekszem, hogy seg\u00edts\u00e9get ny\u00fajtsak saj\u00e1t \u00e9rz\u00e9seinek, m\u0171k\u00f6d\u00e9s\u00e9nek \u00e9s visszat\u00e9r\u0151 mint\u00e1zatainak m\u00e9lyebb meg\u00e9rt\u00e9s\u00e9ben, valamint azoknak a bels\u0151 er\u0151forr\u00e1soknak a felfedez\u00e9s\u00e9ben, amelyek t\u00e1mogatj\u00e1k a v\u00e1ltoz\u00e1st.<\/p>\n\n\n\n<p>Sokan mondj\u00e1k, hogy a sz\u00fcl\u0151s\u00e9g az \u00e9let egyik legnagyobb aj\u00e1nd\u00e9ka. Ugyanakkor ez az aj\u00e1nd\u00e9k a sok \u00f6r\u00f6m mellett gyakran felel\u0151ss\u00e9ggel, megk\u00fczd\u00e9sekkel \u00e9s neh\u00e9z \u00e9rz\u00e9sekkel is j\u00e1r. A sz\u00fcl\u0151k sokszor szembes\u00fclnek kimer\u00fclts\u00e9ggel, b\u0171ntudattal vagy azzal az \u00e9rz\u00e9ssel, hogy neh\u00e9z megfelelni a saj\u00e1t vagy a k\u00f6rnyezet\u00fck elv\u00e1r\u00e1sainak. A k\u00f6z\u00f6s munka sor\u00e1n abban szeretn\u00e9k seg\u00edts\u00e9get ny\u00fajtani, hogy ezekkel az \u00e9rz\u00e9sekkel k\u00f6nnyebb legyen megk\u00fczdeni, \u00e9s hogy a sz\u00fcl\u0151k jobban meg\u00e9rts\u00e9k saj\u00e1t reakci\u00f3ikat, valamint gyermek\u00fck sz\u00fcks\u00e9gleteit. \u00cdgy lehet\u0151s\u00e9g ny\u00edlhat a kapcsolatuk meger\u0151s\u00f6d\u00e9s\u00e9re \u00e9s egy biztons\u00e1gosabb, t\u00e1mogat\u00f3bb k\u00f6t\u0151d\u00e9s kialakul\u00e1s\u00e1ra.<\/p>\n<\/div>\n<\/div><\/div>\n<\/div><\/div>\n\n\n\n<div class=\"wp-block-uagb-container uagb-block-a52b7796 alignfull uagb-is-root-container\"><div class=\"uagb-container-inner-blocks-wrap\"><\/div><\/div>\n\n\n\n<div class=\"wp-block-uagb-container uagb-block-cefb3d77 alignfull uagb-is-root-container\"><div class=\"uagb-container-inner-blocks-wrap\">\n<div class=\"wp-block-uagb-info-box uagb-block-1369fd6b uagb-infobox__content-wrap  uagb-infobox-icon-above-title uagb-infobox-image-valign-top\"><div class=\"uagb-ifb-content\"><div class=\"uagb-ifb-title-wrap\"><h2 class=\"uagb-ifb-title\">Amikor m\u00e1r nem tudunk megv\u00e1ltoztatni egy helyzetet, arra vagyunk h\u00edvva, hogy \u00f6nmagunkat v\u00e1ltoztassuk meg.\u201d<br>\u2013 Viktor Frankl<\/h2><\/div><p class=\"uagb-ifb-desc\">Az \u00e9let\u00fcnkben nem minden helyzetet tudunk megv\u00e1ltoztatni. Szeretn\u00e9k seg\u00edteni abban, hogy jobban meg\u00e9rtse saj\u00e1t \u00e9rz\u00e9seit, m\u0171k\u00f6d\u00e9s\u00e9t \u00e9s \u00faj lehet\u0151s\u00e9geket tal\u00e1ljon a v\u00e1ltoz\u00e1s fel\u00e9.<\/p><\/div><\/div>\n\n\n\n<div class=\"wp-block-uagb-buttons uagb-buttons__outer-wrap uagb-btn__default-btn uagb-btn-tablet__default-btn uagb-btn-mobile__default-btn uagb-block-e08207f9\"><div class=\"uagb-buttons__wrap uagb-buttons-layout-wrap\">\n<div class=\"wp-block-uagb-buttons-child uagb-buttons__outer-wrap uagb-block-c5c7cc36 wp-block-button\"><div class=\"uagb-button__wrapper\"><a class=\"uagb-buttons-repeater wp-block-button__link\" aria-label=\"\" href=\"https:\/\/mindnetpsychology.com\/en\/kapcsolat\/\" rel=\"follow noopener\" target=\"_self\" role=\"button\"><div class=\"uagb-button__link\">Contact me<\/div><\/a><\/div><\/div>\n<\/div><\/div>\n<\/div><\/div>\n\n\n\n<p><\/p>","protected":false},"excerpt":{"rendered":"<p>\u00d6nismeret Szakemberk\u00e9nt fontosnak tartom, hogy a saj\u00e1t ment\u00e1lis eg\u00e9szs\u00e9g\u00fcnkkel is foglalkozzunk. \u00c9n magam a szem\u00e9lyk\u00f6zpont\u00fa k\u00e9pz\u00e9s keret\u00e9ben egy 150 \u00f3r\u00e1s csoportos \u00f6nismereti folyamatban vettem r\u00e9szt \u00e9s jelenleg egy\u00e9ni ter\u00e1pi\u00e1ban fejl\u0151d\u00f6m tov\u00e1bb. \u00dagy gondolom, hogy csak akkor tudok hiteles seg\u00edt\u0151k\u00e9nt jelen lenni m\u00e1sok sz\u00e1m\u00e1ra, ha \u00e9n magam is folyamatosan dolgozom az \u00f6nismeretemen \u00e9s a bels\u0151 fejl\u0151d\u00e9semen. [&hellip;]<\/p>","protected":false},"author":1,"featured_media":0,"parent":0,"menu_order":0,"comment_status":"closed","ping_status":"closed","template":"","meta":{"_uag_custom_page_level_css":"","site-sidebar-layout":"no-sidebar","site-content-layout":"plain-container","ast-site-content-layout":"normal-width-container","site-content-style":"unboxed","site-sidebar-style":"unboxed","ast-global-header-display":"","ast-banner-title-visibility":"","ast-main-header-display":"","ast-hfb-above-header-display":"","ast-hfb-below-header-display":"","ast-hfb-mobile-header-display":"","site-post-title":"disabled","ast-breadcrumbs-content":"","ast-featured-img":"","footer-sml-layout":"","theme-transparent-header-meta":"enabled","adv-header-id-meta":"","stick-header-meta":"","header-above-stick-meta":"","header-main-stick-meta":"","header-below-stick-meta":"","astra-migrate-meta-layouts":"set","ast-page-background-enabled":"default","ast-page-background-meta":{"desktop":{"background-color":"","background-image":"","background-repeat":"repeat","background-position":"center center","background-size":"auto","background-attachment":"scroll","background-type":"","background-media":"","overlay-type":"","overlay-color":"","overlay-opacity":"","overlay-gradient":""},"tablet":{"background-color":"","background-image":"","background-repeat":"repeat","background-position":"center center","background-size":"auto","background-attachment":"scroll","background-type":"","background-media":"","overlay-type":"","overlay-color":"","overlay-opacity":"","overlay-gradient":""},"mobile":{"background-color":"","background-image":"","background-repeat":"repeat","background-position":"center center","background-size":"auto","background-attachment":"scroll","background-type":"","background-media":"","overlay-type":"","overlay-color":"","overlay-opacity":"","overlay-gradient":""}},"ast-content-background-meta":{"desktop":{"background-color":"var(--ast-global-color-5)","background-image":"","background-repeat":"repeat","background-position":"center center","background-size":"auto","background-attachment":"scroll","background-type":"","background-media":"","overlay-type":"","overlay-color":"","overlay-opacity":"","overlay-gradient":""},"tablet":{"background-color":"var(--ast-global-color-5)","background-image":"","background-repeat":"repeat","background-position":"center center","background-size":"auto","background-attachment":"scroll","background-type":"","background-media":"","overlay-type":"","overlay-color":"","overlay-opacity":"","overlay-gradient":""},"mobile":{"background-color":"var(--ast-global-color-5)","background-image":"","background-repeat":"repeat","background-position":"center center","background-size":"auto","background-attachment":"scroll","background-type":"","background-media":"","overlay-type":"","overlay-color":"","overlay-opacity":"","overlay-gradient":""}},"footnotes":""},"class_list":["post-1058","page","type-page","status-publish","hentry"],"_hostinger_reach_plugin_has_subscription_block":false,"_hostinger_reach_plugin_is_elementor":false,"uagb_featured_image_src":{"full":false,"thumbnail":false,"medium":false,"medium_large":false,"large":false,"1536x1536":false,"2048x2048":false,"trp-custom-language-flag":false},"uagb_author_info":{"display_name":"netviki16@gmail.com","author_link":"https:\/\/mindnetpsychology.com\/en\/author\/netviki16gmail-com\/"},"uagb_comment_info":0,"uagb_excerpt":"\u00d6nismeret Szakemberk\u00e9nt fontosnak tartom, hogy a saj\u00e1t ment\u00e1lis eg\u00e9szs\u00e9g\u00fcnkkel is foglalkozzunk. \u00c9n magam a szem\u00e9lyk\u00f6zpont\u00fa k\u00e9pz\u00e9s keret\u00e9ben egy 150 \u00f3r\u00e1s csoportos \u00f6nismereti folyamatban vettem r\u00e9szt \u00e9s jelenleg egy\u00e9ni ter\u00e1pi\u00e1ban fejl\u0151d\u00f6m tov\u00e1bb. \u00dagy gondolom, hogy csak akkor tudok hiteles seg\u00edt\u0151k\u00e9nt jelen lenni m\u00e1sok sz\u00e1m\u00e1ra, ha \u00e9n magam is folyamatosan dolgozom az \u00f6nismeretemen \u00e9s a bels\u0151 fejl\u0151d\u00e9semen.&hellip;","_links":{"self":[{"href":"https:\/\/mindnetpsychology.com\/en\/wp-json\/wp\/v2\/pages\/1058","targetHints":{"allow":["GET"]}}],"collection":[{"href":"https:\/\/mindnetpsychology.com\/en\/wp-json\/wp\/v2\/pages"}],"about":[{"href":"https:\/\/mindnetpsychology.com\/en\/wp-json\/wp\/v2\/types\/page"}],"author":[{"embeddable":true,"href":"https:\/\/mindnetpsychology.com\/en\/wp-json\/wp\/v2\/users\/1"}],"replies":[{"embeddable":true,"href":"https:\/\/mindnetpsychology.com\/en\/wp-json\/wp\/v2\/comments?post=1058"}],"version-history":[{"count":82,"href":"https:\/\/mindnetpsychology.com\/en\/wp-json\/wp\/v2\/pages\/1058\/revisions"}],"predecessor-version":[{"id":2747,"href":"https:\/\/mindnetpsychology.com\/en\/wp-json\/wp\/v2\/pages\/1058\/revisions\/2747"}],"wp:attachment":[{"href":"https:\/\/mindnetpsychology.com\/en\/wp-json\/wp\/v2\/media?parent=1058"}],"curies":[{"name":"wp","href":"https:\/\/api.w.org\/{rel}","templated":true}]}}