{"id":1062,"date":"2025-09-30T10:51:04","date_gmt":"2025-09-30T10:51:04","guid":{"rendered":"https:\/\/mindnetpsychology.com\/videos\/"},"modified":"2026-03-04T18:00:46","modified_gmt":"2026-03-04T18:00:46","slug":"arak","status":"publish","type":"page","link":"https:\/\/mindnetpsychology.com\/en\/arak\/","title":{"rendered":"Pricing"},"content":{"rendered":"<div class=\"wp-block-uagb-container uagb-block-c39a566f alignfull uagb-is-root-container\"><div class=\"uagb-container-inner-blocks-wrap\">\n<p><\/p>\n\n\n\n<p><\/p>\n\n\n\n<div class=\"wp-block-uagb-advanced-heading uagb-block-41c1d428\"><h2 class=\"uagb-heading-text\">Pricing<\/h2><\/div>\n\n\n\n<div class=\"wp-block-columns is-layout-flex wp-container-core-columns-is-layout-28f84493 wp-block-columns-is-layout-flex\">\n<div class=\"wp-block-column is-layout-flow wp-block-column-is-layout-flow\">\n<div class=\"wp-block-uagb-container uagb-block-52a34967\">\n<div class=\"wp-block-uagb-info-box uagb-block-98adcef5 uagb-infobox__content-wrap  uagb-infobox-icon-above-title uagb-infobox-image-valign-top\"><div class=\"uagb-ifb-content\"><div class=\"uagb-ifb-icon-wrap\"><svg xmlns=\"https:\/\/www.w3.org\/2000\/svg\" viewbox=\"0 0 256 512\"><path d=\"M256 448c0 17.67-14.33 32-32 32H32c-17.67 0-32-14.33-32-32s14.33-32 32-32h64V123.8L49.75 154.6C35.02 164.5 15.19 160.4 5.375 145.8C-4.422 131.1-.4531 111.2 14.25 101.4l96-64c9.828-6.547 22.45-7.187 32.84-1.594C153.5 41.37 160 52.22 160 64.01v352h64C241.7 416 256 430.3 256 448z\"><\/path><\/svg><\/div><div class=\"uagb-ifb-title-wrap\"><h3 class=\"uagb-ifb-title\">First consultation<\/h3><\/div><p class=\"uagb-ifb-desc\">The first conversation gives you the opportunity to articulate in a safe environment what you would like to change and experience how I can support you in this.<br><br><br><strong>12.000 Ft<\/strong> (50 minutes)<\/p><\/div><\/div>\n<\/div>\n<\/div>\n\n\n\n<div class=\"wp-block-column is-layout-flow wp-block-column-is-layout-flow\">\n<div class=\"wp-block-uagb-container uagb-block-2bfa24ea\">\n<div class=\"wp-block-uagb-info-box uagb-block-7ef6975f uagb-infobox__content-wrap  uagb-infobox-icon-above-title uagb-infobox-image-valign-top\"><div class=\"uagb-ifb-content\"><div class=\"uagb-ifb-icon-wrap\"><svg xmlns=\"https:\/\/www.w3.org\/2000\/svg\" viewbox=\"0 0 512 512\"><path d=\"M490.3 40.4C512.2 62.27 512.2 97.73 490.3 119.6L460.3 149.7L362.3 51.72L392.4 21.66C414.3-.2135 449.7-.2135 471.6 21.66L490.3 40.4zM172.4 241.7L339.7 74.34L437.7 172.3L270.3 339.6C264.2 345.8 256.7 350.4 248.4 353.2L159.6 382.8C150.1 385.6 141.5 383.4 135 376.1C128.6 370.5 126.4 361 129.2 352.4L158.8 263.6C161.6 255.3 166.2 247.8 172.4 241.7V241.7zM192 63.1C209.7 63.1 224 78.33 224 95.1C224 113.7 209.7 127.1 192 127.1H96C78.33 127.1 64 142.3 64 159.1V416C64 433.7 78.33 448 96 448H352C369.7 448 384 433.7 384 416V319.1C384 302.3 398.3 287.1 416 287.1C433.7 287.1 448 302.3 448 319.1V416C448 469 405 512 352 512H96C42.98 512 0 469 0 416V159.1C0 106.1 42.98 63.1 96 63.1H192z\"><\/path><\/svg><\/div><div class=\"uagb-ifb-title-wrap\"><h3 class=\"uagb-ifb-title\">Pszichol\u00f3giai konzult\u00e1ci\u00f3<\/h3><\/div><p class=\"uagb-ifb-desc translation-block\">50-minute session for adults and parents, during which we focus on the current life situation, difficulties and personal development.<br><br><br><br><strong>18.000 Ft \/ session<\/strong><\/p><\/div><\/div>\n<\/div>\n<\/div>\n<\/div>\n\n\n\n<div class=\"wp-block-uagb-advanced-heading uagb-block-8b3def8b\"><h2 class=\"uagb-heading-text\">Cancellation<\/h2><\/div>\n\n\n\n<p><\/p>\n\n\n\n<p>Cancellations made at least 24 hours before the appointment are free of charge. Please note that if you cancel within 24 hours of the consultation date, you will be charged the full consultation fee. If possible, please let me know by the morning of the day if you need to change your appointment. The same applies vice versa, if I cancel within 24 hours, the next appointment is free of charge for you and in such cases, I will try to notify you as soon as possible.<\/p>\n\n\n\n<p>Please arrive a few minutes before your appointment, preferably on time, not too early or too late. This will help everyone start the consultation in the right circumstances.<\/p>\n<\/div><\/div>\n\n\n\n<div class=\"wp-block-uagb-container uagb-block-60ba3a6b alignfull uagb-is-root-container\"><div class=\"uagb-container-inner-blocks-wrap\">\n<div class=\"wp-block-uagb-container uagb-block-cefb3d77 alignfull uagb-is-root-container\"><div class=\"uagb-container-inner-blocks-wrap\">\n<div class=\"wp-block-uagb-info-box uagb-block-1369fd6b uagb-infobox__content-wrap  uagb-infobox-icon-above-title uagb-infobox-image-valign-top\"><div class=\"uagb-ifb-content\"><div class=\"uagb-ifb-title-wrap\"><h2 class=\"uagb-ifb-title\">Amikor m\u00e1r nem tudunk megv\u00e1ltoztatni egy helyzetet, arra vagyunk h\u00edvva, hogy \u00f6nmagunkat v\u00e1ltoztassuk meg.\u201d<br>\u2013 Viktor Frankl<\/h2><\/div><p class=\"uagb-ifb-desc\">&nbsp;Az \u00e9let\u00fcnkben nem minden helyzetet tudunk megv\u00e1ltoztatni. Szeretn\u00e9k seg\u00edteni abban, hogy jobban meg\u00e9rtse saj\u00e1t \u00e9rz\u00e9seit, m\u0171k\u00f6d\u00e9s\u00e9t \u00e9s \u00faj lehet\u0151s\u00e9geket tal\u00e1ljon a v\u00e1ltoz\u00e1s fel\u00e9.<\/p><\/div><\/div>\n\n\n\n<div class=\"wp-block-uagb-buttons uagb-buttons__outer-wrap uagb-btn__default-btn uagb-btn-tablet__default-btn uagb-btn-mobile__default-btn uagb-block-e08207f9\"><div class=\"uagb-buttons__wrap uagb-buttons-layout-wrap\">\n<div class=\"wp-block-uagb-buttons-child uagb-buttons__outer-wrap uagb-block-c5c7cc36 wp-block-button\"><div class=\"uagb-button__wrapper\"><a class=\"uagb-buttons-repeater wp-block-button__link\" aria-label=\"\" href=\"https:\/\/mindnetpsychology.com\/en\/kapcsolat\/\" rel=\"follow noopener\" target=\"_self\" role=\"button\"><div class=\"uagb-button__link\">Contact me<\/div><\/a><\/div><\/div>\n<\/div><\/div>\n<\/div><\/div>\n<\/div><\/div>\n\n\n\n<p><\/p>","protected":false},"excerpt":{"rendered":"<p>\u00c1raz\u00e1s Lemond\u00e1s A lemond\u00e1s az id\u0151pont el\u0151tt legal\u00e1bb 24 \u00f3r\u00e1val ingyenes. K\u00e9rem vegye figyelembe, hogy a konzult\u00e1ci\u00f3 id\u0151pontj\u00e1t\u00f3l sz\u00e1m\u00edtott 24 \u00f3r\u00e1n bel\u00fcli lemond\u00e1s eset\u00e9n a teljes konzult\u00e1ci\u00f3s d\u00edj ker\u00fcl felsz\u00e1m\u00edt\u00e1sra. Amennyiben lehets\u00e9ges aznap reggelig mindenk\u00e9pp jelezze, ha m\u00f3dos\u00edtani kell az id\u0151pontot. Ugyanez ford\u00edtva is \u00e9rv\u00e9nyes, ha \u00e9n mondom le az id\u0151pontot 24 \u00f3r\u00e1n bel\u00fcl, a [&hellip;]<\/p>","protected":false},"author":1,"featured_media":0,"parent":0,"menu_order":0,"comment_status":"closed","ping_status":"closed","template":"","meta":{"_uag_custom_page_level_css":"","site-sidebar-layout":"no-sidebar","site-content-layout":"plain-container","ast-site-content-layout":"normal-width-container","site-content-style":"unboxed","site-sidebar-style":"unboxed","ast-global-header-display":"","ast-banner-title-visibility":"","ast-main-header-display":"","ast-hfb-above-header-display":"","ast-hfb-below-header-display":"","ast-hfb-mobile-header-display":"","site-post-title":"","ast-breadcrumbs-content":"","ast-featured-img":"","footer-sml-layout":"","theme-transparent-header-meta":"enabled","adv-header-id-meta":"","stick-header-meta":"","header-above-stick-meta":"","header-main-stick-meta":"","header-below-stick-meta":"","astra-migrate-meta-layouts":"set","ast-page-background-enabled":"default","ast-page-background-meta":{"desktop":{"background-color":"","background-image":"","background-repeat":"repeat","background-position":"center center","background-size":"auto","background-attachment":"scroll","background-type":"","background-media":"","overlay-type":"","overlay-color":"","overlay-opacity":"","overlay-gradient":""},"tablet":{"background-color":"","background-image":"","background-repeat":"repeat","background-position":"center center","background-size":"auto","background-attachment":"scroll","background-type":"","background-media":"","overlay-type":"","overlay-color":"","overlay-opacity":"","overlay-gradient":""},"mobile":{"background-color":"","background-image":"","background-repeat":"repeat","background-position":"center center","background-size":"auto","background-attachment":"scroll","background-type":"","background-media":"","overlay-type":"","overlay-color":"","overlay-opacity":"","overlay-gradient":""}},"ast-content-background-meta":{"desktop":{"background-color":"var(--ast-global-color-5)","background-image":"","background-repeat":"repeat","background-position":"center center","background-size":"auto","background-attachment":"scroll","background-type":"","background-media":"","overlay-type":"","overlay-color":"","overlay-opacity":"","overlay-gradient":""},"tablet":{"background-color":"var(--ast-global-color-5)","background-image":"","background-repeat":"repeat","background-position":"center center","background-size":"auto","background-attachment":"scroll","background-type":"","background-media":"","overlay-type":"","overlay-color":"","overlay-opacity":"","overlay-gradient":""},"mobile":{"background-color":"var(--ast-global-color-5)","background-image":"","background-repeat":"repeat","background-position":"center center","background-size":"auto","background-attachment":"scroll","background-type":"","background-media":"","overlay-type":"","overlay-color":"","overlay-opacity":"","overlay-gradient":""}},"footnotes":""},"class_list":["post-1062","page","type-page","status-publish","hentry"],"_hostinger_reach_plugin_has_subscription_block":false,"_hostinger_reach_plugin_is_elementor":false,"uagb_featured_image_src":{"full":false,"thumbnail":false,"medium":false,"medium_large":false,"large":false,"1536x1536":false,"2048x2048":false,"trp-custom-language-flag":false},"uagb_author_info":{"display_name":"netviki16@gmail.com","author_link":"https:\/\/mindnetpsychology.com\/en\/author\/netviki16gmail-com\/"},"uagb_comment_info":0,"uagb_excerpt":"\u00c1raz\u00e1s Lemond\u00e1s A lemond\u00e1s az id\u0151pont el\u0151tt legal\u00e1bb 24 \u00f3r\u00e1val ingyenes. K\u00e9rem vegye figyelembe, hogy a konzult\u00e1ci\u00f3 id\u0151pontj\u00e1t\u00f3l sz\u00e1m\u00edtott 24 \u00f3r\u00e1n bel\u00fcli lemond\u00e1s eset\u00e9n a teljes konzult\u00e1ci\u00f3s d\u00edj ker\u00fcl felsz\u00e1m\u00edt\u00e1sra. Amennyiben lehets\u00e9ges aznap reggelig mindenk\u00e9pp jelezze, ha m\u00f3dos\u00edtani kell az id\u0151pontot. Ugyanez ford\u00edtva is \u00e9rv\u00e9nyes, ha \u00e9n mondom le az id\u0151pontot 24 \u00f3r\u00e1n bel\u00fcl, a&hellip;","_links":{"self":[{"href":"https:\/\/mindnetpsychology.com\/en\/wp-json\/wp\/v2\/pages\/1062","targetHints":{"allow":["GET"]}}],"collection":[{"href":"https:\/\/mindnetpsychology.com\/en\/wp-json\/wp\/v2\/pages"}],"about":[{"href":"https:\/\/mindnetpsychology.com\/en\/wp-json\/wp\/v2\/types\/page"}],"author":[{"embeddable":true,"href":"https:\/\/mindnetpsychology.com\/en\/wp-json\/wp\/v2\/users\/1"}],"replies":[{"embeddable":true,"href":"https:\/\/mindnetpsychology.com\/en\/wp-json\/wp\/v2\/comments?post=1062"}],"version-history":[{"count":39,"href":"https:\/\/mindnetpsychology.com\/en\/wp-json\/wp\/v2\/pages\/1062\/revisions"}],"predecessor-version":[{"id":2751,"href":"https:\/\/mindnetpsychology.com\/en\/wp-json\/wp\/v2\/pages\/1062\/revisions\/2751"}],"wp:attachment":[{"href":"https:\/\/mindnetpsychology.com\/en\/wp-json\/wp\/v2\/media?parent=1062"}],"curies":[{"name":"wp","href":"https:\/\/api.w.org\/{rel}","templated":true}]}}